{"id":90328,"date":"2025-02-07T14:34:33","date_gmt":"2025-02-07T13:34:33","guid":{"rendered":"https:\/\/www.anderapartners.com\/?page_id=90328"},"modified":"2025-02-25T18:31:03","modified_gmt":"2025-02-25T17:31:03","slug":"cgu","status":"publish","type":"page","link":"https:\/\/www.anderapartners.com\/fr\/cgu\/","title":{"rendered":"CGU"},"content":{"rendered":"<div style=\"color: #000; line-height: 1.6; margin: 20px;\">\n<h1 style=\"color: black; text-align: center;\">Conditions g\u00e9n\u00e9rales d&rsquo;utilisation de la plateforme de souscription d\u2019Andera Partners<\/h1>\n<p style=\"text-align: center; font-style: italic;\">En vigueur au 30\/01\/2025<\/p>\n<p>Les pr\u00e9sentes conditions g\u00e9n\u00e9rales d&rsquo;utilisation (dites \u00ab CGU \u00bb) ont pour objet l&rsquo;encadrement juridique des modalit\u00e9s de mise \u00e0 disposition du site et des services par ANDERA PARTNERS et de d\u00e9finir les conditions d\u2019acc\u00e8s et d\u2019utilisation des services par \u00ab l&rsquo;Utilisateur \u00bb.<\/p>\n<p>Les pr\u00e9sentes CGU sont accessibles sur le site \u00e0 la rubrique \u00abCGU\u00bb.<br \/>\nToute inscription ou utilisation du site implique l&rsquo;acceptation sans aucune r\u00e9serve ni restriction des pr\u00e9sentes CGU par l\u2019utilisateur. Lors de l&rsquo;inscription sur le site via le Formulaire d\u2019inscription, chaque utilisateur accepte express\u00e9ment les pr\u00e9sentes CGU en cochant la case pr\u00e9c\u00e9dant le texte suivant : \u00ab Je reconnais avoir lu et compris les CGU et je les accepte \u00bb.<br \/>\nEn cas de non-acceptation des CGU stipul\u00e9es dans le pr\u00e9sent contrat, l&rsquo;Utilisateur se doit de renoncer \u00e0 l&rsquo;acc\u00e8s des services propos\u00e9s par le site.<br \/>\nANDERA PARTNERS se r\u00e9serve le droit de modifier unilat\u00e9ralement et \u00e0 tout moment le contenu des pr\u00e9sentes CGU.<\/p>\n<h2 style=\"color: black; margin-top: 30px;\">Article 1 : Les mentions l\u00e9gales<\/h2>\n<p>L&rsquo;\u00e9dition du site investor.anderapartners.com est assur\u00e9e par la Soci\u00e9t\u00e9 SAS ANDERA PARTNERS au capital de 501 500 euros, immatricul\u00e9e au RCS de Paris B 444 071 989 sous le num\u00e9ro 444 071 989, dont le si\u00e8ge social est situ\u00e9 au 2 PLACE DE RIO DE JANEIRO 75008 PARIS.<\/p>\n<p>Num\u00e9ro de t\u00e9l\u00e9phone : 01 85 73 64 00<br \/>\nAdresse e-mail : dpo@anderapartners.com.<br \/>\nLe Directeur de la publication est : Fran\u00e7ois-Xavier Mauron<br \/>\nNum\u00e9ro de TVA intracommunautaire : FR34444071989<br \/>\nL&rsquo;h\u00e9bergeur du site investor.anderapartners.com est la soci\u00e9t\u00e9 Amazon Web Services Inc., dont le si\u00e8ge social est situ\u00e9 au Legal Department, 410 Terry Avenue North, P.O. Box 81226, Seattle, WA 98108-1226 &#8211; USA.<\/p>\n<h2 style=\"color: black; margin-top: 30px;\">Article 2 : Acc\u00e8s au site<\/h2>\n<p>Le site investor.anderapartners.com permet \u00e0 l&rsquo;Utilisateur un acc\u00e8s gratuit aux services suivants :<br \/>\nLa plateforme investor.anderapartners.com est d\u00e9di\u00e9e aux distributeurs et aux investisseurs souhaitant investir dans les fonds g\u00e9r\u00e9s par Andera Partners. Elle offre un espace s\u00e9curis\u00e9 o\u00f9 les Utilisateurs peuvent se connecter pour g\u00e9rer leurs souscriptions et acc\u00e9der aux informations pertinentes sur les fonds. Pour y acc\u00e9der, les Utilisateurs doivent se connecter avec leur adresse e-mail et leur mot de passe.<\/p>\n<p>Le site est accessible gratuitement en tout lieu \u00e0 tout Utilisateur ayant un acc\u00e8s \u00e0 Internet. Tous les frais support\u00e9s par l&rsquo;Utilisateur pour acc\u00e9der au service (mat\u00e9riel informatique, logiciels, connexion Internet, etc.) sont \u00e0 sa charge.<br \/>\nL\u2019Utilisateur non membre n&rsquo;a pas acc\u00e8s aux services r\u00e9serv\u00e9s. Pour cela, il doit s\u2019inscrire en remplissant le formulaire. En acceptant de s\u2019inscrire aux services r\u00e9serv\u00e9s, l\u2019Utilisateur membre s\u2019engage \u00e0 fournir des informations sinc\u00e8res et exactes concernant son \u00e9tat civil et ses coordonn\u00e9es, notamment son adresse email.<\/p>\n<p>Pour acc\u00e9der aux services, l\u2019Utilisateur doit ensuite s&rsquo;identifier \u00e0 l&rsquo;aide de son identifiant et de son mot de passe qui lui seront communiqu\u00e9s apr\u00e8s son inscription.<br \/>\nTout Utilisateur membre r\u00e9guli\u00e8rement inscrit pourra \u00e9galement solliciter sa d\u00e9sinscription en se rendant \u00e0 la page d\u00e9di\u00e9e sur son espace personnel. Celle-ci sera effective dans un d\u00e9lai raisonnable.<\/p>\n<p>Tout \u00e9v\u00e9nement d\u00fb \u00e0 un cas de force majeure ayant pour cons\u00e9quence un dysfonctionnement du site ou serveur et sous r\u00e9serve de toute interruption ou modification en cas de maintenance, n&rsquo;engage pas la responsabilit\u00e9 de investor.anderapartners.com. Dans ces cas, l\u2019Utilisateur accepte ainsi de ne pas tenir rigueur \u00e0 l\u2019\u00e9diteur de toute interruption ou suspension de service, m\u00eame sans pr\u00e9avis.<br \/>\nL&rsquo;Utilisateur a la possibilit\u00e9 de contacter le site par messagerie \u00e9lectronique \u00e0 l\u2019adresse email de l\u2019\u00e9diteur communiqu\u00e9 \u00e0 l\u2019ARTICLE 1.<\/p>\n<h2 style=\"color: black; margin-top: 30px;\">Article 3 : Collecte des donn\u00e9es<\/h2>\n<p>Le site assure \u00e0 l&rsquo;Utilisateur une collecte et un traitement d&rsquo;informations personnelles dans le respect de la vie priv\u00e9e conform\u00e9ment \u00e0 la loi n\u00b078-17 du 6 janvier 1978 relative \u00e0 l&rsquo;informatique, aux fichiers et aux libert\u00e9s.<br \/>\nEn vertu de la loi Informatique et Libert\u00e9s, en date du 6 janvier 1978, l&rsquo;Utilisateur dispose d&rsquo;un droit d&rsquo;acc\u00e8s, de rectification, de suppression et d&rsquo;opposition de ses donn\u00e9es personnelles. L&rsquo;Utilisateur exerce ce droit :<\/p>\n<ul style=\"margin-left: 20px;\">\n<li>par mail \u00e0 l&rsquo;adresse email : dpo@anderapartners.com<\/li>\n<li>par voie postale au Andera Partners, 2, place Rio de Janeiro, 75008 PARIS, France<\/li>\n<\/ul>\n<h2 style=\"color: black; margin-top: 30px;\">Article 4 : Propri\u00e9t\u00e9 intellectuelle<\/h2>\n<p>Les marques, logos, signes ainsi que tous les contenus du site (textes, images, son\u2026) font l&rsquo;objet d&rsquo;une protection par le Code de la propri\u00e9t\u00e9 intellectuelle et plus particuli\u00e8rement par le droit d&rsquo;auteur.<br \/>\nLa marque Andera est une marque d\u00e9pos\u00e9e par SAS ANDERA PARTNERS. Toute repr\u00e9sentation et\/ou reproduction et\/ou exploitation partielle ou totale de cette marque, de quelque nature que ce soit, est totalement prohib\u00e9e.<\/p>\n<p>L&rsquo;Utilisateur doit solliciter l&rsquo;autorisation pr\u00e9alable du site pour toute reproduction, publication, copie des diff\u00e9rents contenus. Il s&rsquo;engage \u00e0 une utilisation des contenus du site dans un cadre strictement priv\u00e9, toute utilisation \u00e0 des fins commerciales et publicitaires \u00e9tant interdite.<\/p>\n<p>Toute repr\u00e9sentation totale ou partielle de ce site par quelque proc\u00e9d\u00e9 que ce soit, sans l\u2019autorisation expresse de l\u2019\u00e9diteur, constituerait une contrefa\u00e7on sanctionn\u00e9e par l\u2019article L335-2 et suivants du Code de la propri\u00e9t\u00e9 intellectuelle.<br \/>\nIl est rappel\u00e9 conform\u00e9ment \u00e0 l\u2019article L122-5 du Code de propri\u00e9t\u00e9 intellectuelle que l\u2019Utilisateur qui reproduit, copie ou publie le contenu prot\u00e9g\u00e9 doit citer l\u2019auteur et sa source.<\/p>\n<h2 style=\"color: black; margin-top: 30px;\">Article 5 : Responsabilit\u00e9<\/h2>\n<p>Les sources des informations diffus\u00e9es sur le site investor.anderapartners.com sont r\u00e9put\u00e9es fiables mais le site ne garantit pas qu\u2019il soit exempt de d\u00e9fauts, d\u2019erreurs ou d\u2019omissions.<br \/>\nLes informations communiqu\u00e9es sont pr\u00e9sent\u00e9es \u00e0 titre indicatif et g\u00e9n\u00e9ral sans valeur contractuelle.<br \/>\nMalgr\u00e9 des mises \u00e0 jour r\u00e9guli\u00e8res, le site investor.anderapartners.com ne peut \u00eatre tenu responsable de la modification des dispositions administratives et juridiques survenant apr\u00e8s la publication. De m\u00eame, le site ne peut \u00eatre tenu responsable de l\u2019utilisation et de l\u2019interpr\u00e9tation de l\u2019information contenue dans ce site.<\/p>\n<p>L&rsquo;Utilisateur s&rsquo;assure de garder son mot de passe secret. Toute divulgation du mot de passe, quelle que soit sa forme, est interdite. Il assume les risques li\u00e9s \u00e0 l&rsquo;utilisation de son identifiant et de son mot de passe. Le site d\u00e9cline toute responsabilit\u00e9.<br \/>\nLe site investor.anderapartners.com ne peut \u00eatre tenu pour responsable d\u2019\u00e9ventuels virus qui pourraient infecter l\u2019ordinateur ou tout mat\u00e9riel informatique de l\u2019Internaute, suite \u00e0 une utilisation, un acc\u00e8s ou un t\u00e9l\u00e9chargement provenant de ce site.<br \/>\nLa responsabilit\u00e9 du site ne peut \u00eatre engag\u00e9e en cas de force majeure ou du fait impr\u00e9visible et insurmontable d&rsquo;un tiers.<\/p>\n<h2 style=\"color: black; margin-top: 30px;\">Article 6 : Liens hypertextes<\/h2>\n<p>Des liens hypertextes peuvent \u00eatre pr\u00e9sents sur le site. L\u2019Utilisateur est inform\u00e9 qu\u2019en cliquant sur ces liens, il sortira du site investor.anderapartners.com.<br \/>\nCe dernier n\u2019a pas de contr\u00f4le sur les pages web sur lesquelles aboutissent ces liens et ne saurait, en aucun cas, \u00eatre tenu responsable de leur contenu.<\/p>\n<h2 style=\"color: black; margin-top: 30px;\">Article 7 : Cookies<\/h2>\n<p>L\u2019Utilisateur est inform\u00e9 que lors de ses visites sur le site, un cookie peut s\u2019installer automatiquement sur son logiciel de navigation.<br \/>\nLes cookies sont de petits fichiers stock\u00e9s temporairement sur le disque dur de l\u2019ordinateur de l\u2019Utilisateur par son navigateur et sont n\u00e9cessaires \u00e0 l\u2019utilisation du site investor.anderapartners.com.<br \/>\nLes cookies ne contiennent pas d\u2019information personnelle et ne peuvent pas \u00eatre utilis\u00e9s pour identifier quelqu\u2019un. Un cookie contient un identifiant unique, g\u00e9n\u00e9r\u00e9 al\u00e9atoirement et donc anonyme. Certains cookies expirent \u00e0 la fin de la visite de l\u2019Utilisateur, d\u2019autres persistent.<br \/>\nL\u2019information contenue dans les cookies est utilis\u00e9e pour am\u00e9liorer le site investor.anderapartners.com.<\/p>\n<p>En naviguant sur le site, l\u2019Utilisateur accepte l\u2019utilisation des cookies.<br \/>\nL\u2019Utilisateur pourra d\u00e9sactiver ces cookies via les param\u00e8tres de son navigateur.<\/p>\n<h2 style=\"color: black; margin-top: 30px;\">Article 8 : Droit applicable et juridiction comp\u00e9tente<\/h2>\n<p>La l\u00e9gislation fran\u00e7aise s&rsquo;applique au pr\u00e9sent contrat. En cas d&rsquo;absence de r\u00e9solution amiable d&rsquo;un litige n\u00e9 entre les parties, les tribunaux fran\u00e7ais seront seuls comp\u00e9tents pour en conna\u00eetre.<br \/>\nPour toute question relative \u00e0 l\u2019application des pr\u00e9sentes CGU, vous pouvez joindre l\u2019\u00e9diteur aux coordonn\u00e9es inscrites \u00e0 l\u2019ARTICLE 1.<\/p>\n<\/div>\n","protected":false},"excerpt":{"rendered":"<p>Conditions g\u00e9n\u00e9rales d&rsquo;utilisation de la plateforme de souscription d\u2019Andera Partners En vigueur au 30\/01\/2025 Les pr\u00e9sentes conditions g\u00e9n\u00e9rales d&rsquo;utilisation (dites \u00ab CGU \u00bb) ont pour objet l&rsquo;encadrement juridique des modalit\u00e9s de mise \u00e0 disposition du site et des services par ANDERA PARTNERS et de d\u00e9finir les conditions d\u2019acc\u00e8s et d\u2019utilisation des services par \u00ab l&rsquo;Utilisateur&#8230;<\/p>\n","protected":false},"author":2,"featured_media":0,"parent":0,"menu_order":3,"comment_status":"closed","ping_status":"closed","template":"","meta":[],"class_list":["post-90328","page","type-page","status-publish","hentry"],"acf":[],"yoast_head":"<!-- This site is optimized with the Yoast SEO plugin v24.1 - https:\/\/yoast.com\/wordpress\/plugins\/seo\/ -->\n<title>CGU - ANDERA PARTNERS<\/title>\n<meta name=\"robots\" content=\"index, follow, max-snippet:-1, max-image-preview:large, max-video-preview:-1\" \/>\n<link rel=\"canonical\" href=\"https:\/\/www.anderapartners.com\/fr\/cgu\/\" \/>\n<meta property=\"og:locale\" content=\"fr_FR\" \/>\n<meta property=\"og:type\" content=\"article\" \/>\n<meta property=\"og:title\" content=\"CGU - ANDERA PARTNERS\" \/>\n<meta property=\"og:description\" content=\"Conditions g\u00e9n\u00e9rales d&rsquo;utilisation de la plateforme de souscription d\u2019Andera Partners En vigueur au 30\/01\/2025 Les pr\u00e9sentes conditions g\u00e9n\u00e9rales d&rsquo;utilisation (dites \u00ab CGU \u00bb) ont pour objet l&rsquo;encadrement juridique des modalit\u00e9s de mise \u00e0 disposition du site et des services par ANDERA PARTNERS et de d\u00e9finir les conditions d\u2019acc\u00e8s et d\u2019utilisation des services par \u00ab l&rsquo;Utilisateur...\" \/>\n<meta property=\"og:url\" content=\"https:\/\/www.anderapartners.com\/fr\/cgu\/\" \/>\n<meta property=\"og:site_name\" content=\"ANDERA PARTNERS\" \/>\n<meta property=\"article:modified_time\" content=\"2025-02-25T17:31:03+00:00\" \/>\n<meta name=\"twitter:card\" content=\"summary_large_image\" \/>\n<meta name=\"twitter:label1\" content=\"Dur\u00e9e de lecture estim\u00e9e\" \/>\n\t<meta name=\"twitter:data1\" content=\"7 minutes\" \/>\n<script type=\"application\/ld+json\" class=\"yoast-schema-graph\">{\"@context\":\"https:\/\/schema.org\",\"@graph\":[{\"@type\":\"WebPage\",\"@id\":\"https:\/\/www.anderapartners.com\/fr\/cgu\/\",\"url\":\"https:\/\/www.anderapartners.com\/fr\/cgu\/\",\"name\":\"CGU - ANDERA PARTNERS\",\"isPartOf\":{\"@id\":\"https:\/\/www.anderapartners.com\/fr\/#website\"},\"datePublished\":\"2025-02-07T13:34:33+00:00\",\"dateModified\":\"2025-02-25T17:31:03+00:00\",\"breadcrumb\":{\"@id\":\"https:\/\/www.anderapartners.com\/fr\/cgu\/#breadcrumb\"},\"inLanguage\":\"fr-FR\",\"potentialAction\":[{\"@type\":\"ReadAction\",\"target\":[\"https:\/\/www.anderapartners.com\/fr\/cgu\/\"]}]},{\"@type\":\"BreadcrumbList\",\"@id\":\"https:\/\/www.anderapartners.com\/fr\/cgu\/#breadcrumb\",\"itemListElement\":[{\"@type\":\"ListItem\",\"position\":1,\"name\":\"Accueil\",\"item\":\"https:\/\/www.anderapartners.com\/fr\/\"},{\"@type\":\"ListItem\",\"position\":2,\"name\":\"CGU\"}]},{\"@type\":\"WebSite\",\"@id\":\"https:\/\/www.anderapartners.com\/fr\/#website\",\"url\":\"https:\/\/www.anderapartners.com\/fr\/\",\"name\":\"ANDERA PARTNERS\",\"description\":\"\",\"publisher\":{\"@id\":\"https:\/\/www.anderapartners.com\/fr\/#organization\"},\"potentialAction\":[{\"@type\":\"SearchAction\",\"target\":{\"@type\":\"EntryPoint\",\"urlTemplate\":\"https:\/\/www.anderapartners.com\/fr\/?s={search_term_string}\"},\"query-input\":{\"@type\":\"PropertyValueSpecification\",\"valueRequired\":true,\"valueName\":\"search_term_string\"}}],\"inLanguage\":\"fr-FR\"},{\"@type\":\"Organization\",\"@id\":\"https:\/\/www.anderapartners.com\/fr\/#organization\",\"name\":\"Andera Partners\",\"url\":\"https:\/\/www.anderapartners.com\/fr\/\",\"logo\":{\"@type\":\"ImageObject\",\"inLanguage\":\"fr-FR\",\"@id\":\"https:\/\/www.anderapartners.com\/fr\/#\/schema\/logo\/image\/\",\"url\":\"https:\/\/www.anderapartners.com\/wp-content\/uploads\/2020\/08\/logo-white.svg\",\"contentUrl\":\"https:\/\/www.anderapartners.com\/wp-content\/uploads\/2020\/08\/logo-white.svg\",\"width\":107,\"height\":44,\"caption\":\"Andera Partners\"},\"image\":{\"@id\":\"https:\/\/www.anderapartners.com\/fr\/#\/schema\/logo\/image\/\"}}]}<\/script>\n<!-- \/ Yoast SEO plugin. -->","yoast_head_json":{"title":"CGU - ANDERA PARTNERS","robots":{"index":"index","follow":"follow","max-snippet":"max-snippet:-1","max-image-preview":"max-image-preview:large","max-video-preview":"max-video-preview:-1"},"canonical":"https:\/\/www.anderapartners.com\/fr\/cgu\/","og_locale":"fr_FR","og_type":"article","og_title":"CGU - ANDERA PARTNERS","og_description":"Conditions g\u00e9n\u00e9rales d&rsquo;utilisation de la plateforme de souscription d\u2019Andera Partners En vigueur au 30\/01\/2025 Les pr\u00e9sentes conditions g\u00e9n\u00e9rales d&rsquo;utilisation (dites \u00ab CGU \u00bb) ont pour objet l&rsquo;encadrement juridique des modalit\u00e9s de mise \u00e0 disposition du site et des services par ANDERA PARTNERS et de d\u00e9finir les conditions d\u2019acc\u00e8s et d\u2019utilisation des services par \u00ab l&rsquo;Utilisateur...","og_url":"https:\/\/www.anderapartners.com\/fr\/cgu\/","og_site_name":"ANDERA PARTNERS","article_modified_time":"2025-02-25T17:31:03+00:00","twitter_card":"summary_large_image","twitter_misc":{"Dur\u00e9e de lecture estim\u00e9e":"7 minutes"},"schema":{"@context":"https:\/\/schema.org","@graph":[{"@type":"WebPage","@id":"https:\/\/www.anderapartners.com\/fr\/cgu\/","url":"https:\/\/www.anderapartners.com\/fr\/cgu\/","name":"CGU - ANDERA PARTNERS","isPartOf":{"@id":"https:\/\/www.anderapartners.com\/fr\/#website"},"datePublished":"2025-02-07T13:34:33+00:00","dateModified":"2025-02-25T17:31:03+00:00","breadcrumb":{"@id":"https:\/\/www.anderapartners.com\/fr\/cgu\/#breadcrumb"},"inLanguage":"fr-FR","potentialAction":[{"@type":"ReadAction","target":["https:\/\/www.anderapartners.com\/fr\/cgu\/"]}]},{"@type":"BreadcrumbList","@id":"https:\/\/www.anderapartners.com\/fr\/cgu\/#breadcrumb","itemListElement":[{"@type":"ListItem","position":1,"name":"Accueil","item":"https:\/\/www.anderapartners.com\/fr\/"},{"@type":"ListItem","position":2,"name":"CGU"}]},{"@type":"WebSite","@id":"https:\/\/www.anderapartners.com\/fr\/#website","url":"https:\/\/www.anderapartners.com\/fr\/","name":"ANDERA PARTNERS","description":"","publisher":{"@id":"https:\/\/www.anderapartners.com\/fr\/#organization"},"potentialAction":[{"@type":"SearchAction","target":{"@type":"EntryPoint","urlTemplate":"https:\/\/www.anderapartners.com\/fr\/?s={search_term_string}"},"query-input":{"@type":"PropertyValueSpecification","valueRequired":true,"valueName":"search_term_string"}}],"inLanguage":"fr-FR"},{"@type":"Organization","@id":"https:\/\/www.anderapartners.com\/fr\/#organization","name":"Andera Partners","url":"https:\/\/www.anderapartners.com\/fr\/","logo":{"@type":"ImageObject","inLanguage":"fr-FR","@id":"https:\/\/www.anderapartners.com\/fr\/#\/schema\/logo\/image\/","url":"https:\/\/www.anderapartners.com\/wp-content\/uploads\/2020\/08\/logo-white.svg","contentUrl":"https:\/\/www.anderapartners.com\/wp-content\/uploads\/2020\/08\/logo-white.svg","width":107,"height":44,"caption":"Andera Partners"},"image":{"@id":"https:\/\/www.anderapartners.com\/fr\/#\/schema\/logo\/image\/"}}]}},"_links":{"self":[{"href":"https:\/\/www.anderapartners.com\/fr\/wp-json\/wp\/v2\/pages\/90328","targetHints":{"allow":["GET"]}}],"collection":[{"href":"https:\/\/www.anderapartners.com\/fr\/wp-json\/wp\/v2\/pages"}],"about":[{"href":"https:\/\/www.anderapartners.com\/fr\/wp-json\/wp\/v2\/types\/page"}],"author":[{"embeddable":true,"href":"https:\/\/www.anderapartners.com\/fr\/wp-json\/wp\/v2\/users\/2"}],"replies":[{"embeddable":true,"href":"https:\/\/www.anderapartners.com\/fr\/wp-json\/wp\/v2\/comments?post=90328"}],"version-history":[{"count":3,"href":"https:\/\/www.anderapartners.com\/fr\/wp-json\/wp\/v2\/pages\/90328\/revisions"}],"predecessor-version":[{"id":90534,"href":"https:\/\/www.anderapartners.com\/fr\/wp-json\/wp\/v2\/pages\/90328\/revisions\/90534"}],"wp:attachment":[{"href":"https:\/\/www.anderapartners.com\/fr\/wp-json\/wp\/v2\/media?parent=90328"}],"curies":[{"name":"wp","href":"https:\/\/api.w.org\/{rel}","templated":true}]}}