{"id":88027,"date":"2024-02-19T14:49:58","date_gmt":"2024-02-19T13:49:58","guid":{"rendered":"https:\/\/www.anderapartners.com\/?page_id=88027"},"modified":"2024-03-06T18:55:19","modified_gmt":"2024-03-06T17:55:19","slug":"reportings-2","status":"publish","type":"page","link":"https:\/\/www.anderapartners.com\/fr\/reportings-2\/","title":{"rendered":"Reportings"},"content":{"rendered":"<h1><\/h1>\n<h1 class=\"page-title\">&#8211; Label Relance &#8211;<\/h1>\n<p>Vous trouverez \u00e0 la suite les diff\u00e9rents reportings r\u00e9alis\u00e9s pour nos diff\u00e9rents fonds labellis\u00e9s Relance, que nous devons communiquer tous les semestres dans le cadre des obligations de transparence du label Relance :<\/p>\n<ul>\n<li><a href=\"https:\/\/www.anderapartners.com\/wp-content\/uploads\/2024\/02\/Reporting-Label-Relance-Infra-Decembre-2023-1.pdf\">Andera Smart Infra 1<\/a><\/li>\n<li><a href=\"https:\/\/www.anderapartners.com\/wp-content\/uploads\/2024\/03\/Reporting-Label-Relance-Expansion-3-Decembre-2023.pdf\">Andera Expansion 3<\/a><\/li>\n<\/ul>\n","protected":false},"excerpt":{"rendered":"<p>&#8211; Label Relance &#8211; Vous trouverez \u00e0 la suite les diff\u00e9rents reportings r\u00e9alis\u00e9s pour nos diff\u00e9rents fonds labellis\u00e9s Relance, que nous devons communiquer tous les semestres dans le cadre des obligations de transparence du label Relance : Andera Smart Infra 1 Andera Expansion 3<\/p>\n","protected":false},"author":2,"featured_media":0,"parent":0,"menu_order":5,"comment_status":"closed","ping_status":"closed","template":"","meta":[],"class_list":["post-88027","page","type-page","status-publish","hentry"],"acf":[],"yoast_head":"<!-- This site is optimized with the Yoast SEO plugin v24.1 - https:\/\/yoast.com\/wordpress\/plugins\/seo\/ -->\n<title>Reportings - ANDERA PARTNERS<\/title>\n<meta name=\"robots\" content=\"index, follow, max-snippet:-1, max-image-preview:large, max-video-preview:-1\" \/>\n<link rel=\"canonical\" href=\"https:\/\/www.anderapartners.com\/fr\/reportings-2\/\" \/>\n<meta property=\"og:locale\" content=\"fr_FR\" \/>\n<meta property=\"og:type\" content=\"article\" \/>\n<meta property=\"og:title\" content=\"Reportings - ANDERA PARTNERS\" \/>\n<meta property=\"og:description\" content=\"&#8211; Label Relance &#8211; Vous trouverez \u00e0 la suite les diff\u00e9rents reportings r\u00e9alis\u00e9s pour nos diff\u00e9rents fonds labellis\u00e9s Relance, que nous devons communiquer tous les semestres dans le cadre des obligations de transparence du label Relance : Andera Smart Infra 1 Andera Expansion 3\" \/>\n<meta property=\"og:url\" content=\"https:\/\/www.anderapartners.com\/fr\/reportings-2\/\" \/>\n<meta property=\"og:site_name\" content=\"ANDERA PARTNERS\" \/>\n<meta property=\"article:modified_time\" content=\"2024-03-06T17:55:19+00:00\" \/>\n<meta name=\"twitter:card\" content=\"summary_large_image\" \/>\n<meta name=\"twitter:label1\" content=\"Dur\u00e9e de lecture estim\u00e9e\" \/>\n\t<meta name=\"twitter:data1\" content=\"1 minute\" \/>\n<script type=\"application\/ld+json\" class=\"yoast-schema-graph\">{\"@context\":\"https:\/\/schema.org\",\"@graph\":[{\"@type\":\"WebPage\",\"@id\":\"https:\/\/www.anderapartners.com\/fr\/reportings-2\/\",\"url\":\"https:\/\/www.anderapartners.com\/fr\/reportings-2\/\",\"name\":\"Reportings - ANDERA PARTNERS\",\"isPartOf\":{\"@id\":\"https:\/\/www.anderapartners.com\/fr\/#website\"},\"datePublished\":\"2024-02-19T13:49:58+00:00\",\"dateModified\":\"2024-03-06T17:55:19+00:00\",\"breadcrumb\":{\"@id\":\"https:\/\/www.anderapartners.com\/fr\/reportings-2\/#breadcrumb\"},\"inLanguage\":\"fr-FR\",\"potentialAction\":[{\"@type\":\"ReadAction\",\"target\":[\"https:\/\/www.anderapartners.com\/fr\/reportings-2\/\"]}]},{\"@type\":\"BreadcrumbList\",\"@id\":\"https:\/\/www.anderapartners.com\/fr\/reportings-2\/#breadcrumb\",\"itemListElement\":[{\"@type\":\"ListItem\",\"position\":1,\"name\":\"Accueil\",\"item\":\"https:\/\/www.anderapartners.com\/fr\/\"},{\"@type\":\"ListItem\",\"position\":2,\"name\":\"Reportings\"}]},{\"@type\":\"WebSite\",\"@id\":\"https:\/\/www.anderapartners.com\/fr\/#website\",\"url\":\"https:\/\/www.anderapartners.com\/fr\/\",\"name\":\"ANDERA PARTNERS\",\"description\":\"\",\"publisher\":{\"@id\":\"https:\/\/www.anderapartners.com\/fr\/#organization\"},\"potentialAction\":[{\"@type\":\"SearchAction\",\"target\":{\"@type\":\"EntryPoint\",\"urlTemplate\":\"https:\/\/www.anderapartners.com\/fr\/?s={search_term_string}\"},\"query-input\":{\"@type\":\"PropertyValueSpecification\",\"valueRequired\":true,\"valueName\":\"search_term_string\"}}],\"inLanguage\":\"fr-FR\"},{\"@type\":\"Organization\",\"@id\":\"https:\/\/www.anderapartners.com\/fr\/#organization\",\"name\":\"Andera Partners\",\"url\":\"https:\/\/www.anderapartners.com\/fr\/\",\"logo\":{\"@type\":\"ImageObject\",\"inLanguage\":\"fr-FR\",\"@id\":\"https:\/\/www.anderapartners.com\/fr\/#\/schema\/logo\/image\/\",\"url\":\"https:\/\/www.anderapartners.com\/wp-content\/uploads\/2020\/08\/logo-white.svg\",\"contentUrl\":\"https:\/\/www.anderapartners.com\/wp-content\/uploads\/2020\/08\/logo-white.svg\",\"width\":107,\"height\":44,\"caption\":\"Andera Partners\"},\"image\":{\"@id\":\"https:\/\/www.anderapartners.com\/fr\/#\/schema\/logo\/image\/\"}}]}<\/script>\n<!-- \/ Yoast SEO plugin. -->","yoast_head_json":{"title":"Reportings - ANDERA PARTNERS","robots":{"index":"index","follow":"follow","max-snippet":"max-snippet:-1","max-image-preview":"max-image-preview:large","max-video-preview":"max-video-preview:-1"},"canonical":"https:\/\/www.anderapartners.com\/fr\/reportings-2\/","og_locale":"fr_FR","og_type":"article","og_title":"Reportings - ANDERA PARTNERS","og_description":"&#8211; Label Relance &#8211; Vous trouverez \u00e0 la suite les diff\u00e9rents reportings r\u00e9alis\u00e9s pour nos diff\u00e9rents fonds labellis\u00e9s Relance, que nous devons communiquer tous les semestres dans le cadre des obligations de transparence du label Relance : Andera Smart Infra 1 Andera Expansion 3","og_url":"https:\/\/www.anderapartners.com\/fr\/reportings-2\/","og_site_name":"ANDERA PARTNERS","article_modified_time":"2024-03-06T17:55:19+00:00","twitter_card":"summary_large_image","twitter_misc":{"Dur\u00e9e de lecture estim\u00e9e":"1 minute"},"schema":{"@context":"https:\/\/schema.org","@graph":[{"@type":"WebPage","@id":"https:\/\/www.anderapartners.com\/fr\/reportings-2\/","url":"https:\/\/www.anderapartners.com\/fr\/reportings-2\/","name":"Reportings - ANDERA PARTNERS","isPartOf":{"@id":"https:\/\/www.anderapartners.com\/fr\/#website"},"datePublished":"2024-02-19T13:49:58+00:00","dateModified":"2024-03-06T17:55:19+00:00","breadcrumb":{"@id":"https:\/\/www.anderapartners.com\/fr\/reportings-2\/#breadcrumb"},"inLanguage":"fr-FR","potentialAction":[{"@type":"ReadAction","target":["https:\/\/www.anderapartners.com\/fr\/reportings-2\/"]}]},{"@type":"BreadcrumbList","@id":"https:\/\/www.anderapartners.com\/fr\/reportings-2\/#breadcrumb","itemListElement":[{"@type":"ListItem","position":1,"name":"Accueil","item":"https:\/\/www.anderapartners.com\/fr\/"},{"@type":"ListItem","position":2,"name":"Reportings"}]},{"@type":"WebSite","@id":"https:\/\/www.anderapartners.com\/fr\/#website","url":"https:\/\/www.anderapartners.com\/fr\/","name":"ANDERA PARTNERS","description":"","publisher":{"@id":"https:\/\/www.anderapartners.com\/fr\/#organization"},"potentialAction":[{"@type":"SearchAction","target":{"@type":"EntryPoint","urlTemplate":"https:\/\/www.anderapartners.com\/fr\/?s={search_term_string}"},"query-input":{"@type":"PropertyValueSpecification","valueRequired":true,"valueName":"search_term_string"}}],"inLanguage":"fr-FR"},{"@type":"Organization","@id":"https:\/\/www.anderapartners.com\/fr\/#organization","name":"Andera Partners","url":"https:\/\/www.anderapartners.com\/fr\/","logo":{"@type":"ImageObject","inLanguage":"fr-FR","@id":"https:\/\/www.anderapartners.com\/fr\/#\/schema\/logo\/image\/","url":"https:\/\/www.anderapartners.com\/wp-content\/uploads\/2020\/08\/logo-white.svg","contentUrl":"https:\/\/www.anderapartners.com\/wp-content\/uploads\/2020\/08\/logo-white.svg","width":107,"height":44,"caption":"Andera Partners"},"image":{"@id":"https:\/\/www.anderapartners.com\/fr\/#\/schema\/logo\/image\/"}}]}},"_links":{"self":[{"href":"https:\/\/www.anderapartners.com\/fr\/wp-json\/wp\/v2\/pages\/88027","targetHints":{"allow":["GET"]}}],"collection":[{"href":"https:\/\/www.anderapartners.com\/fr\/wp-json\/wp\/v2\/pages"}],"about":[{"href":"https:\/\/www.anderapartners.com\/fr\/wp-json\/wp\/v2\/types\/page"}],"author":[{"embeddable":true,"href":"https:\/\/www.anderapartners.com\/fr\/wp-json\/wp\/v2\/users\/2"}],"replies":[{"embeddable":true,"href":"https:\/\/www.anderapartners.com\/fr\/wp-json\/wp\/v2\/comments?post=88027"}],"version-history":[{"count":0,"href":"https:\/\/www.anderapartners.com\/fr\/wp-json\/wp\/v2\/pages\/88027\/revisions"}],"wp:attachment":[{"href":"https:\/\/www.anderapartners.com\/fr\/wp-json\/wp\/v2\/media?parent=88027"}],"curies":[{"name":"wp","href":"https:\/\/api.w.org\/{rel}","templated":true}]}}